{"id":161,"date":"2023-09-29T09:26:19","date_gmt":"2023-09-29T09:26:19","guid":{"rendered":"https:\/\/www.hermeskeiler-sv.de\/?page_id=161"},"modified":"2024-10-19T00:38:53","modified_gmt":"2024-10-19T00:38:53","slug":"kiddy-kickers","status":"publish","type":"page","link":"https:\/\/www.hermeskeiler-sv.de\/index.php\/kiddy-kickers\/","title":{"rendered":"Kiddy Kickers"},"content":{"rendered":"\t\t<div data-elementor-type=\"wp-page\" data-elementor-id=\"161\" class=\"elementor elementor-161\">\n\t\t\t\t\t\t\t\t\t<section class=\"elementor-section elementor-top-section elementor-element elementor-element-ad55fd9 elementor-section-boxed elementor-section-height-default elementor-section-height-default\" data-id=\"ad55fd9\" data-element_type=\"section\">\n\t\t\t\t\t\t<div class=\"elementor-container elementor-column-gap-default\">\n\t\t\t\t\t<div class=\"elementor-column elementor-col-100 elementor-top-column elementor-element elementor-element-b0eab84\" data-id=\"b0eab84\" data-element_type=\"column\">\n\t\t\t<div class=\"elementor-widget-wrap elementor-element-populated\">\n\t\t\t\t\t\t\t\t<div class=\"elementor-element elementor-element-866262c elementor-widget elementor-widget-text-editor\" data-id=\"866262c\" data-element_type=\"widget\" data-widget_type=\"text-editor.default\">\n\t\t\t\t<div class=\"elementor-widget-container\">\n\t\t\t<style>\/*! elementor - v3.14.0 - 26-06-2023 *\/\n.elementor-widget-text-editor.elementor-drop-cap-view-stacked .elementor-drop-cap{background-color:#69727d;color:#fff}.elementor-widget-text-editor.elementor-drop-cap-view-framed .elementor-drop-cap{color:#69727d;border:3px solid;background-color:transparent}.elementor-widget-text-editor:not(.elementor-drop-cap-view-default) .elementor-drop-cap{margin-top:8px}.elementor-widget-text-editor:not(.elementor-drop-cap-view-default) .elementor-drop-cap-letter{width:1em;height:1em}.elementor-widget-text-editor .elementor-drop-cap{float:left;text-align:center;line-height:1;font-size:50px}.elementor-widget-text-editor .elementor-drop-cap-letter{display:inline-block}<\/style>\t\t\t\t<p><!-- wp:image {\"align\":\"center\",\"id\":287,\"width\":\"653px\",\"height\":\"auto\",\"sizeSlug\":\"large\",\"linkDestination\":\"none\"} --><\/p>\n<figure class=\"wp-block-image aligncenter size-large is-resized\"><span style=\"color: var( --e-global-color-text ); font-family: var( --e-global-typography-text-font-family ), Sans-serif; font-weight: var( --e-global-typography-text-font-weight );\">\u00a0<\/span><\/figure>\n<figure class=\"wp-block-image aligncenter size-large is-resized\"><span style=\"color: var( --e-global-color-text ); font-family: var( --e-global-typography-text-font-family ), Sans-serif; font-weight: var( --e-global-typography-text-font-weight );\"><img loading=\"lazy\" decoding=\"async\" class=\"alignnone wp-image-287 size-large\" src=\"https:\/\/www.hermeskeiler-sv.de\/wp-content\/uploads\/2024\/03\/Kiddy-Kickers-Final-1024x1024.jpg\" alt=\"\" width=\"950\" height=\"950\" srcset=\"https:\/\/www.hermeskeiler-sv.de\/wp-content\/uploads\/2024\/03\/Kiddy-Kickers-Final-1024x1024.jpg 1024w, https:\/\/www.hermeskeiler-sv.de\/wp-content\/uploads\/2024\/03\/Kiddy-Kickers-Final-300x300.jpg 300w, https:\/\/www.hermeskeiler-sv.de\/wp-content\/uploads\/2024\/03\/Kiddy-Kickers-Final-150x150.jpg 150w, https:\/\/www.hermeskeiler-sv.de\/wp-content\/uploads\/2024\/03\/Kiddy-Kickers-Final-768x768.jpg 768w, https:\/\/www.hermeskeiler-sv.de\/wp-content\/uploads\/2024\/03\/Kiddy-Kickers-Final-1536x1536.jpg 1536w, https:\/\/www.hermeskeiler-sv.de\/wp-content\/uploads\/2024\/03\/Kiddy-Kickers-Final-2048x2048.jpg 2048w, https:\/\/www.hermeskeiler-sv.de\/wp-content\/uploads\/2024\/03\/Kiddy-Kickers-Final-2000x2000.jpg 2000w\" sizes=\"auto, (max-width: 950px) 100vw, 950px\" \/><\/span><\/figure>\n<figure class=\"wp-block-image aligncenter size-large is-resized\"><span style=\"color: var( --e-global-color-text ); font-family: var( --e-global-typography-text-font-family ), Sans-serif; font-weight: var( --e-global-typography-text-font-weight );\">\u00a0<\/span><\/figure>\n<figure class=\"wp-block-image aligncenter size-large is-resized\"><span style=\"color: var( --e-global-color-text ); font-family: var( --e-global-typography-text-font-family ), Sans-serif; font-weight: var( --e-global-typography-text-font-weight );\">\u00a0<\/span><\/figure>\n<figure class=\"wp-block-image aligncenter size-large is-resized\"><span style=\"color: var( --e-global-color-text ); font-family: var( --e-global-typography-text-font-family ), Sans-serif; font-weight: var( --e-global-typography-text-font-weight );\">Unser Team der Kiddy Kickers mit unseren Sponsoren Familie Linn vom Ehringshof P\u00f6lert<\/span><img loading=\"lazy\" decoding=\"async\" class=\"aligncenter wp-image-372 size-full\" style=\"width: 653px; height: auto;\" src=\"https:\/\/www.hermeskeiler-sv.de\/wp-content\/uploads\/2024\/05\/Kiddy-Kickers.jpg\" alt=\"\" width=\"620\" height=\"617\" srcset=\"https:\/\/www.hermeskeiler-sv.de\/wp-content\/uploads\/2024\/05\/Kiddy-Kickers.jpg 620w, https:\/\/www.hermeskeiler-sv.de\/wp-content\/uploads\/2024\/05\/Kiddy-Kickers-300x300.jpg 300w, https:\/\/www.hermeskeiler-sv.de\/wp-content\/uploads\/2024\/05\/Kiddy-Kickers-150x150.jpg 150w\" sizes=\"auto, (max-width: 620px) 100vw, 620px\" \/>\u00a0<\/figure>\n<p><!-- \/wp:image --><!-- wp:paragraph --><\/p>\n<p><strong>Unser Eltern-Kind-Angebot:<\/strong><\/p>\n<p><!-- \/wp:paragraph --><!-- wp:paragraph --><\/p>\n<p>Die<strong>\u00a0<\/strong>Kiddy Kickers als\u00a0<strong>Vorstufe zum Vereinssport<\/strong>\u00a0erm\u00f6glicht\u00a0<strong>Kindern zwischen 2 und 5 Jahre<\/strong>n einen\u00a0<strong>Einstieg ins Vereinsleben<\/strong>\u00a0und den Bewegungssport.<\/p>\n<p><!-- \/wp:paragraph --><!-- wp:paragraph --><\/p>\n<p>Kiddy Kickers wurde von der SG Hermeskeil \u2013 Z\u00fcsch\/Neuh\u00fctten\/Damflos ins Leben gerufen und ist ein\u00a0<strong>ballorientiertes Spiel- und Bewegungskonzept<\/strong>\u00a0f\u00fcr Kinder bis 5 Jahre. Hier k\u00f6nnen eure Kleinen das Ballspielen erkunden und ein erstes Gef\u00fchl f\u00fcr ihren K\u00f6rper entwickeln.<\/p>\n<p><!-- \/wp:paragraph --><!-- wp:paragraph --><\/p>\n<p>Eure Kinder sammeln im Rahmen von altersgerechten Kursstunden\u00a0<strong>in Begleitung mit Mama\/Papa\/Oma\/Opa\/etc.<\/strong>\u00a0erste Erfahrungen im Umgang mit Ball und entwickeln spielerisch ein erstes Gef\u00fchl f\u00fcr ihren\u00a0<strong>Gleichgewichtssinn, ihre Bewegungskoordination und Motorik.<\/strong><\/p>\n<p><!-- \/wp:paragraph --><!-- wp:paragraph --><\/p>\n<p>Den Kindern werden vielf\u00e4ltige M\u00f6glichkeiten geboten, um neue Perspektiven zu erfahren, wie zum Beispiel \u201eetwas wagen und verantworten\u201c, \u201esich k\u00f6rperlich auszudr\u00fccken\u201c und \u201eWahrnehmungsf\u00e4higkeit verbessern\u201c.\u00a0<\/p>\n<p><!-- \/wp:paragraph --><!-- wp:paragraph --><\/p>\n<p>So bekommen die Kinder schon in jungen Jahren\u00a0<strong>Spa\u00df am Sport\u00a0<\/strong>und zeigen bestimmte Vorlieben und Neigungen, die sp\u00e4ter gezielt gef\u00f6rdert werden k\u00f6nnen.\u00a0<\/p>\n<p><!-- \/wp:paragraph --><!-- wp:paragraph --><\/p>\n<p>Unsere Trainer: innen verpacken die \u00dcbungen in spielerische Geschichten und den Parcours in eine aufregende Abenteuerwelt. Daher k\u00f6nnen zu uns auch schon die Mini-Fu\u00dfballprofis von morgen kommen. Unsere Fu\u00dfb\u00e4lle verwandeln sich pl\u00f6tzlich in Raketen, die H\u00fctchen zu Eisbechern oder die Tore in Spinnennetze. Spiele hei\u00dfen beispielsweise \u201eschlafender Riese\u201c oder \u201eFuchs und Igel\u201c.<\/p>\n<p><!-- \/wp:paragraph --><!-- wp:paragraph --><\/p>\n<p>Wir haben euer Interesse geweckt?<\/p>\n<p><!-- \/wp:paragraph --><!-- wp:paragraph --><\/p>\n<p>Dann freuen wir uns \u00fcber eure Anmeldung unter:\u00a0<\/p>\n<p><!-- \/wp:paragraph --><!-- wp:paragraph --><\/p>\n<p><a href=\"mailto:kiddy-kickers@hermeskeiler-sv.de\"><strong>kiddy-kickers@hermeskeiler-sv.de<\/strong><\/a><\/p>\n<p><!-- \/wp:paragraph --><!-- wp:list --><\/p>\n<ul>\n<li style=\"list-style-type: none;\">\n<ul><!-- wp:list-item --><\/ul>\n<\/li>\n<\/ul>\n<ul>\n<li style=\"list-style-type: none;\">\n<ul>\n<li><strong>Name, Anschrift<\/strong><\/li>\n<\/ul>\n<\/li>\n<\/ul>\n<p><!-- \/wp:list-item --><!-- wp:list-item --><\/p>\n<ul>\n<li style=\"list-style-type: none;\">\n<ul>\n<li><strong>Tel, Email<\/strong><\/li>\n<\/ul>\n<\/li>\n<\/ul>\n<p><!-- \/wp:list-item --><!-- wp:list-item --><\/p>\n<ul>\n<li style=\"list-style-type: none;\">\n<ul>\n<li><strong>Name &amp; Geb. Datum des Kindes<\/strong><\/li>\n<\/ul>\n<\/li>\n<\/ul>\n<p><!-- \/wp:list-item --><\/p>\n<p><!-- \/wp:list --><!-- wp:paragraph --><\/p>\n<p>Begrenzte Teilnehmeranzahl von 20 Kindern. Sollten die Anfragen die Anzahl \u00fcberschreiten wird eine Warteliste erstellt und ggf. eine zweite Trainingsgruppe gegr\u00fcndet.<\/p>\n<p><!-- \/wp:paragraph --><!-- wp:paragraph --><\/p>\n<p>Das Training findet immer<strong> freitags um 17:00 Uhr in Hermeskeil oder Z\u00fcsch statt<\/strong>.<\/p>\n<p><!-- \/wp:paragraph --><!-- wp:paragraph --><\/p>\n<p>Herzlichste Gr\u00fc\u00dfe<\/p>\n<p><!-- \/wp:paragraph --><!-- wp:paragraph --><\/p>\n<p>Euer Team der Kiddy Kickers<\/p>\n<p><!-- \/wp:paragraph --><!-- wp:paragraph --><\/p>\n<p><!-- \/wp:paragraph --><!-- wp:paragraph --><\/p>\n<p><!-- \/wp:paragraph --><!-- wp:paragraph --><\/p>\n<p><!-- \/wp:paragraph --><!-- wp:image {\"id\":201,\"sizeSlug\":\"large\",\"linkDestination\":\"none\"} --><\/p>\n<figure class=\"wp-block-image size-large\"><img loading=\"lazy\" decoding=\"async\" width=\"1024\" height=\"481\" class=\"wp-image-201\" src=\"https:\/\/www.hermeskeiler-sv.de\/wp-content\/uploads\/2023\/09\/19839-1024x481.jpg\" alt=\"\" srcset=\"https:\/\/www.hermeskeiler-sv.de\/wp-content\/uploads\/2023\/09\/19839-1024x481.jpg 1024w, https:\/\/www.hermeskeiler-sv.de\/wp-content\/uploads\/2023\/09\/19839-300x141.jpg 300w, https:\/\/www.hermeskeiler-sv.de\/wp-content\/uploads\/2023\/09\/19839-768x361.jpg 768w, https:\/\/www.hermeskeiler-sv.de\/wp-content\/uploads\/2023\/09\/19839-1536x721.jpg 1536w, https:\/\/www.hermeskeiler-sv.de\/wp-content\/uploads\/2023\/09\/19839-2048x962.jpg 2048w, https:\/\/www.hermeskeiler-sv.de\/wp-content\/uploads\/2023\/09\/19839-2000x939.jpg 2000w\" sizes=\"auto, (max-width: 1024px) 100vw, 1024px\" \/><\/figure>\n<p><!-- \/wp:image --><!-- wp:paragraph --><\/p>\n<p><!-- \/wp:paragraph --><!-- wp:paragraph --><\/p>\n<p><!-- \/wp:paragraph --><!-- wp:paragraph --><\/p>\n<p><strong>10 gute Gr\u00fcnde, warum Bewegung Kindern guttut<\/strong><\/p>\n<p><!-- \/wp:paragraph --><!-- wp:paragraph --><\/p>\n<p>Freude an Bewegung erh\u00f6ht die Lebensqualit\u00e4t. Und Kinder, die sich gern und viel bewegen, trainieren ihre Entwicklung auf vielen verschiedenen Ebenen.<\/p>\n<p><!-- \/wp:paragraph --><!-- wp:paragraph --><\/p>\n<p><strong>Sensorische F\u00e4higkeiten<\/strong><\/p>\n<p><!-- \/wp:paragraph --><!-- wp:list --><\/p>\n<ul>\n<li style=\"list-style-type: none;\">\n<ul><!-- wp:list-item --><\/ul>\n<\/li>\n<\/ul>\n<ul>\n<li style=\"list-style-type: none;\">\n<ul>\n<li>Aufmerksamkeit und Konzentration werden erh\u00f6ht.<\/li>\n<\/ul>\n<\/li>\n<\/ul>\n<p><!-- \/wp:list-item --><!-- wp:list-item --><\/p>\n<ul>\n<li style=\"list-style-type: none;\">\n<ul>\n<li>Durchblutung des Gehirns und die Leistungsf\u00e4higkeit wird gesteigert.<\/li>\n<\/ul>\n<\/li>\n<\/ul>\n<p><!-- \/wp:list-item --><\/p>\n<p><!-- \/wp:list --><!-- wp:paragraph --><\/p>\n<p><strong>K\u00f6rperliche Entwicklung<\/strong><\/p>\n<p><!-- \/wp:paragraph --><!-- wp:list --><\/p>\n<ul>\n<li style=\"list-style-type: none;\">\n<ul><!-- wp:list-item --><\/ul>\n<\/li>\n<\/ul>\n<ul>\n<li style=\"list-style-type: none;\">\n<ul>\n<li>Das Immunsystem wird f\u00fcr eine bessere Gesundheit stabilisiert.<\/li>\n<\/ul>\n<\/li>\n<\/ul>\n<p><!-- \/wp:list-item --><!-- wp:list-item --><\/p>\n<ul>\n<li style=\"list-style-type: none;\">\n<ul>\n<li>Der gesamte Bewegungsapparat wird f\u00fcr mehr Kraft und Ausdauer gest\u00e4rkt.<\/li>\n<\/ul>\n<\/li>\n<\/ul>\n<p><!-- \/wp:list-item --><\/p>\n<p><!-- \/wp:list --><!-- wp:paragraph --><\/p>\n<p><strong>Motorische Entwicklung<\/strong><\/p>\n<p><!-- \/wp:paragraph --><!-- wp:list --><\/p>\n<ul>\n<li style=\"list-style-type: none;\">\n<ul><!-- wp:list-item --><\/ul>\n<\/li>\n<\/ul>\n<ul>\n<li style=\"list-style-type: none;\">\n<ul>\n<li>K\u00f6rperkoordination und Geschicklichkeit werden f\u00fcr mehr Sicherheit trainiert.<\/li>\n<\/ul>\n<\/li>\n<\/ul>\n<p><!-- \/wp:list-item --><\/p>\n<p><!-- \/wp:list --><!-- wp:paragraph --><\/p>\n<p><strong>Geistige Entwicklung<\/strong><\/p>\n<p><!-- \/wp:paragraph --><!-- wp:list --><\/p>\n<ul>\n<li style=\"list-style-type: none;\">\n<ul><!-- wp:list-item --><\/ul>\n<\/li>\n<\/ul>\n<ul>\n<li style=\"list-style-type: none;\">\n<ul>\n<li>Abstraktes und vernetztes Denken wird gef\u00f6rdert.<\/li>\n<\/ul>\n<\/li>\n<\/ul>\n<p><!-- \/wp:list-item --><!-- wp:list-item --><\/p>\n<ul>\n<li style=\"list-style-type: none;\">\n<ul>\n<li>Fantasie wird angeregt und die Kreativit\u00e4t verbessert.<\/li>\n<\/ul>\n<\/li>\n<\/ul>\n<p><!-- \/wp:list-item --><\/p>\n<p><!-- \/wp:list --><!-- wp:paragraph --><\/p>\n<p><strong>Emotionale Entwicklung<\/strong><\/p>\n<p><!-- \/wp:paragraph --><!-- wp:list --><\/p>\n<ul>\n<li style=\"list-style-type: none;\">\n<ul><!-- wp:list-item --><\/ul>\n<\/li>\n<\/ul>\n<ul>\n<li style=\"list-style-type: none;\">\n<ul>\n<li>Das Selbstvertrauen wird gest\u00e4rkt und ein gutes Selbstwertgef\u00fchl gef\u00f6rdert.<\/li>\n<\/ul>\n<\/li>\n<\/ul>\n<p><!-- \/wp:list-item --><\/p>\n<p><!-- \/wp:list --><!-- wp:paragraph --><\/p>\n<p><strong>Sozialverhalten<\/strong><\/p>\n<p><!-- \/wp:paragraph --><!-- wp:list --><\/p>\n<ul>\n<li style=\"list-style-type: none;\">\n<ul><!-- wp:list-item --><\/ul>\n<\/li>\n<\/ul>\n<ul>\n<li style=\"list-style-type: none;\">\n<ul>\n<li>Hilfsbereitschaft und die R\u00fccksichtnahme werden gest\u00e4rkt.<\/li>\n<\/ul>\n<\/li>\n<\/ul>\n<p><!-- \/wp:list-item --><!-- wp:list-item --><\/p>\n<ul>\n<li style=\"list-style-type: none;\">\n<ul>\n<li>Bereitschaft zur Kooperation und Teamf\u00e4higkeit werden gef\u00f6rdert.<\/li>\n<\/ul>\n<\/li>\n<\/ul>\n<p><!-- \/wp:list-item --><\/p>\n<p><!-- \/wp:list --><!-- wp:paragraph --><\/p>\n<p><!-- \/wp:paragraph --><\/p>\t\t\t\t\t\t<\/div>\n\t\t\t\t<\/div>\n\t\t\t\t\t<\/div>\n\t\t<\/div>\n\t\t\t\t\t\t\t<\/div>\n\t\t<\/section>\n\t\t\t\t<section class=\"elementor-section elementor-top-section elementor-element elementor-element-a623861 elementor-section-boxed elementor-section-height-default elementor-section-height-default\" data-id=\"a623861\" data-element_type=\"section\">\n\t\t\t\t\t\t<div class=\"elementor-container elementor-column-gap-default\">\n\t\t\t\t\t<div class=\"elementor-column elementor-col-100 elementor-top-column elementor-element elementor-element-5bb2b49\" data-id=\"5bb2b49\" data-element_type=\"column\">\n\t\t\t<div class=\"elementor-widget-wrap elementor-element-populated\">\n\t\t\t\t\t\t\t\t<div class=\"elementor-element elementor-element-f9c5ee9 elementor-widget elementor-widget-image\" data-id=\"f9c5ee9\" data-element_type=\"widget\" data-widget_type=\"image.default\">\n\t\t\t\t<div class=\"elementor-widget-container\">\n\t\t\t<style>\/*! elementor - v3.14.0 - 26-06-2023 *\/\n.elementor-widget-image{text-align:center}.elementor-widget-image a{display:inline-block}.elementor-widget-image a img[src$=\".svg\"]{width:48px}.elementor-widget-image img{vertical-align:middle;display:inline-block}<\/style>\t\t\t\t\t\t\t\t\t\t\t\t<img loading=\"lazy\" decoding=\"async\" width=\"619\" height=\"435\" src=\"https:\/\/www.hermeskeiler-sv.de\/wp-content\/uploads\/2024\/05\/Kiddy-Kickers2.jpg\" class=\"attachment-large size-large wp-image-380\" alt=\"\" srcset=\"https:\/\/www.hermeskeiler-sv.de\/wp-content\/uploads\/2024\/05\/Kiddy-Kickers2.jpg 619w, https:\/\/www.hermeskeiler-sv.de\/wp-content\/uploads\/2024\/05\/Kiddy-Kickers2-300x211.jpg 300w\" sizes=\"auto, 100vw\" \/>\t\t\t\t\t\t\t\t\t\t\t\t\t\t\t<\/div>\n\t\t\t\t<\/div>\n\t\t\t\t<div class=\"elementor-element elementor-element-50271fe elementor-widget elementor-widget-image\" data-id=\"50271fe\" data-element_type=\"widget\" data-widget_type=\"image.default\">\n\t\t\t\t<div class=\"elementor-widget-container\">\n\t\t\t\t\t\t\t\t\t\t\t\t\t\t\t<img loading=\"lazy\" decoding=\"async\" width=\"615\" height=\"616\" src=\"https:\/\/www.hermeskeiler-sv.de\/wp-content\/uploads\/2024\/05\/Kiddy-Kickers1.jpg\" class=\"attachment-large size-large wp-image-381\" alt=\"\" srcset=\"https:\/\/www.hermeskeiler-sv.de\/wp-content\/uploads\/2024\/05\/Kiddy-Kickers1.jpg 615w, https:\/\/www.hermeskeiler-sv.de\/wp-content\/uploads\/2024\/05\/Kiddy-Kickers1-300x300.jpg 300w, https:\/\/www.hermeskeiler-sv.de\/wp-content\/uploads\/2024\/05\/Kiddy-Kickers1-150x150.jpg 150w\" sizes=\"auto, 100vw\" \/>\t\t\t\t\t\t\t\t\t\t\t\t\t\t\t<\/div>\n\t\t\t\t<\/div>\n\t\t\t\t<div class=\"elementor-element elementor-element-000c6cf elementor-widget elementor-widget-image\" data-id=\"000c6cf\" data-element_type=\"widget\" data-widget_type=\"image.default\">\n\t\t\t\t<div class=\"elementor-widget-container\">\n\t\t\t\t\t\t\t\t\t\t\t\t\t\t\t<img loading=\"lazy\" decoding=\"async\" width=\"616\" height=\"618\" src=\"https:\/\/www.hermeskeiler-sv.de\/wp-content\/uploads\/2024\/05\/Kiddy-Kickers3.jpg\" class=\"attachment-large size-large wp-image-379\" alt=\"\" srcset=\"https:\/\/www.hermeskeiler-sv.de\/wp-content\/uploads\/2024\/05\/Kiddy-Kickers3.jpg 616w, https:\/\/www.hermeskeiler-sv.de\/wp-content\/uploads\/2024\/05\/Kiddy-Kickers3-300x300.jpg 300w, https:\/\/www.hermeskeiler-sv.de\/wp-content\/uploads\/2024\/05\/Kiddy-Kickers3-150x150.jpg 150w\" sizes=\"auto, 100vw\" \/>\t\t\t\t\t\t\t\t\t\t\t\t\t\t\t<\/div>\n\t\t\t\t<\/div>\n\t\t\t\t<div class=\"elementor-element elementor-element-5400334 elementor-widget elementor-widget-image\" data-id=\"5400334\" data-element_type=\"widget\" data-widget_type=\"image.default\">\n\t\t\t\t<div class=\"elementor-widget-container\">\n\t\t\t\t\t\t\t\t\t\t\t\t\t\t\t<img loading=\"lazy\" decoding=\"async\" width=\"617\" height=\"616\" src=\"https:\/\/www.hermeskeiler-sv.de\/wp-content\/uploads\/2024\/05\/Kiddy-Kickers4.jpg\" class=\"attachment-large size-large wp-image-378\" alt=\"\" srcset=\"https:\/\/www.hermeskeiler-sv.de\/wp-content\/uploads\/2024\/05\/Kiddy-Kickers4.jpg 617w, https:\/\/www.hermeskeiler-sv.de\/wp-content\/uploads\/2024\/05\/Kiddy-Kickers4-300x300.jpg 300w, https:\/\/www.hermeskeiler-sv.de\/wp-content\/uploads\/2024\/05\/Kiddy-Kickers4-150x150.jpg 150w\" sizes=\"auto, 100vw\" \/>\t\t\t\t\t\t\t\t\t\t\t\t\t\t\t<\/div>\n\t\t\t\t<\/div>\n\t\t\t\t<div class=\"elementor-element elementor-element-3397fdb elementor-widget elementor-widget-image\" data-id=\"3397fdb\" data-element_type=\"widget\" data-widget_type=\"image.default\">\n\t\t\t\t<div class=\"elementor-widget-container\">\n\t\t\t\t\t\t\t\t\t\t\t\t\t\t\t<img loading=\"lazy\" decoding=\"async\" width=\"768\" height=\"512\" src=\"https:\/\/www.hermeskeiler-sv.de\/wp-content\/uploads\/2024\/05\/008-768x512.jpg\" class=\"attachment-medium_large size-medium_large wp-image-382\" alt=\"\" srcset=\"https:\/\/www.hermeskeiler-sv.de\/wp-content\/uploads\/2024\/05\/008-768x512.jpg 768w, https:\/\/www.hermeskeiler-sv.de\/wp-content\/uploads\/2024\/05\/008-300x200.jpg 300w, https:\/\/www.hermeskeiler-sv.de\/wp-content\/uploads\/2024\/05\/008-1024x683.jpg 1024w, https:\/\/www.hermeskeiler-sv.de\/wp-content\/uploads\/2024\/05\/008-1536x1024.jpg 1536w, https:\/\/www.hermeskeiler-sv.de\/wp-content\/uploads\/2024\/05\/008-2048x1365.jpg 2048w, https:\/\/www.hermeskeiler-sv.de\/wp-content\/uploads\/2024\/05\/008-2000x1333.jpg 2000w\" sizes=\"auto, 100vw\" \/>\t\t\t\t\t\t\t\t\t\t\t\t\t\t\t<\/div>\n\t\t\t\t<\/div>\n\t\t\t\t<div class=\"elementor-element elementor-element-60984c6 elementor-widget elementor-widget-image\" data-id=\"60984c6\" data-element_type=\"widget\" data-widget_type=\"image.default\">\n\t\t\t\t<div class=\"elementor-widget-container\">\n\t\t\t\t\t\t\t\t\t\t\t\t\t\t\t<img loading=\"lazy\" decoding=\"async\" width=\"768\" height=\"512\" src=\"https:\/\/www.hermeskeiler-sv.de\/wp-content\/uploads\/2024\/05\/009-768x512.jpg\" class=\"attachment-medium_large size-medium_large wp-image-383\" alt=\"\" srcset=\"https:\/\/www.hermeskeiler-sv.de\/wp-content\/uploads\/2024\/05\/009-768x512.jpg 768w, https:\/\/www.hermeskeiler-sv.de\/wp-content\/uploads\/2024\/05\/009-300x200.jpg 300w, https:\/\/www.hermeskeiler-sv.de\/wp-content\/uploads\/2024\/05\/009-1024x683.jpg 1024w, https:\/\/www.hermeskeiler-sv.de\/wp-content\/uploads\/2024\/05\/009-1536x1024.jpg 1536w, https:\/\/www.hermeskeiler-sv.de\/wp-content\/uploads\/2024\/05\/009-2048x1365.jpg 2048w, https:\/\/www.hermeskeiler-sv.de\/wp-content\/uploads\/2024\/05\/009-2000x1333.jpg 2000w\" sizes=\"auto, 100vw\" \/>\t\t\t\t\t\t\t\t\t\t\t\t\t\t\t<\/div>\n\t\t\t\t<\/div>\n\t\t\t\t<div class=\"elementor-element elementor-element-b3e1d20 elementor-widget elementor-widget-image\" data-id=\"b3e1d20\" data-element_type=\"widget\" data-widget_type=\"image.default\">\n\t\t\t\t<div class=\"elementor-widget-container\">\n\t\t\t\t\t\t\t\t\t\t\t\t\t\t\t<img loading=\"lazy\" decoding=\"async\" width=\"478\" height=\"668\" src=\"https:\/\/www.hermeskeiler-sv.de\/wp-content\/uploads\/2024\/05\/Kiddy-Kickers5.jpg\" class=\"attachment-medium_large size-medium_large wp-image-397\" alt=\"\" srcset=\"https:\/\/www.hermeskeiler-sv.de\/wp-content\/uploads\/2024\/05\/Kiddy-Kickers5.jpg 478w, https:\/\/www.hermeskeiler-sv.de\/wp-content\/uploads\/2024\/05\/Kiddy-Kickers5-215x300.jpg 215w\" sizes=\"auto, 100vw\" \/>\t\t\t\t\t\t\t\t\t\t\t\t\t\t\t<\/div>\n\t\t\t\t<\/div>\n\t\t\t\t<div class=\"elementor-element elementor-element-9c3298e elementor-widget elementor-widget-image\" data-id=\"9c3298e\" data-element_type=\"widget\" data-widget_type=\"image.default\">\n\t\t\t\t<div class=\"elementor-widget-container\">\n\t\t\t\t\t\t\t\t\t\t\t\t\t\t\t<img loading=\"lazy\" decoding=\"async\" width=\"768\" height=\"512\" src=\"https:\/\/www.hermeskeiler-sv.de\/wp-content\/uploads\/2024\/05\/Kiddy-Kickers6-768x512.jpg\" class=\"attachment-medium_large size-medium_large wp-image-396\" alt=\"\" srcset=\"https:\/\/www.hermeskeiler-sv.de\/wp-content\/uploads\/2024\/05\/Kiddy-Kickers6-768x512.jpg 768w, https:\/\/www.hermeskeiler-sv.de\/wp-content\/uploads\/2024\/05\/Kiddy-Kickers6-300x200.jpg 300w, https:\/\/www.hermeskeiler-sv.de\/wp-content\/uploads\/2024\/05\/Kiddy-Kickers6-1024x683.jpg 1024w, https:\/\/www.hermeskeiler-sv.de\/wp-content\/uploads\/2024\/05\/Kiddy-Kickers6.jpg 1072w\" sizes=\"auto, 100vw\" \/>\t\t\t\t\t\t\t\t\t\t\t\t\t\t\t<\/div>\n\t\t\t\t<\/div>\n\t\t\t\t\t<\/div>\n\t\t<\/div>\n\t\t\t\t\t\t\t<\/div>\n\t\t<\/section>\n\t\t\t\t\t\t\t<\/div>\n\t\t","protected":false},"excerpt":{"rendered":"<p>Unser Eltern-Kind-Angebot: Die\u00a0Kiddy Kickers als\u00a0Vorstufe zum Vereinssport\u00a0erm\u00f6glicht\u00a0Kindern zwischen 2 und 5 Jahren einen\u00a0Einstieg ins Vereinsleben\u00a0und den Bewegungssport. Kiddy Kickers wurde von der SG Hermeskeil \u2013 Z\u00fcsch\/Neuh\u00fctten\/Damflos ins Leben gerufen und ist ein\u00a0ballorientiertes Spiel- und Bewegungskonzept\u00a0f\u00fcr Kinder bis 5 Jahre. Hier k\u00f6nnen eure Kleinen das Ballspielen erkunden und ein erstes Gef\u00fchl f\u00fcr ihren K\u00f6rper entwickeln. Eure &hellip; <\/p>\n<p class=\"link-more\"><a href=\"https:\/\/www.hermeskeiler-sv.de\/index.php\/kiddy-kickers\/\" class=\"more-link\">Mehr <span class=\"screen-reader-text\">\u00fcber &#8222;Kiddy Kickers&#8220; <\/span>Lesen<\/a><\/p>\n","protected":false},"author":1,"featured_media":0,"parent":0,"menu_order":0,"comment_status":"closed","ping_status":"closed","template":"","meta":{"footnotes":""},"class_list":["post-161","page","type-page","status-publish","hentry"],"_links":{"self":[{"href":"https:\/\/www.hermeskeiler-sv.de\/index.php\/wp-json\/wp\/v2\/pages\/161","targetHints":{"allow":["GET"]}}],"collection":[{"href":"https:\/\/www.hermeskeiler-sv.de\/index.php\/wp-json\/wp\/v2\/pages"}],"about":[{"href":"https:\/\/www.hermeskeiler-sv.de\/index.php\/wp-json\/wp\/v2\/types\/page"}],"author":[{"embeddable":true,"href":"https:\/\/www.hermeskeiler-sv.de\/index.php\/wp-json\/wp\/v2\/users\/1"}],"replies":[{"embeddable":true,"href":"https:\/\/www.hermeskeiler-sv.de\/index.php\/wp-json\/wp\/v2\/comments?post=161"}],"version-history":[{"count":26,"href":"https:\/\/www.hermeskeiler-sv.de\/index.php\/wp-json\/wp\/v2\/pages\/161\/revisions"}],"predecessor-version":[{"id":569,"href":"https:\/\/www.hermeskeiler-sv.de\/index.php\/wp-json\/wp\/v2\/pages\/161\/revisions\/569"}],"wp:attachment":[{"href":"https:\/\/www.hermeskeiler-sv.de\/index.php\/wp-json\/wp\/v2\/media?parent=161"}],"curies":[{"name":"wp","href":"https:\/\/api.w.org\/{rel}","templated":true}]}}