{"id":239,"date":"2024-02-02T14:14:37","date_gmt":"2024-02-02T14:14:37","guid":{"rendered":"https:\/\/www.hermeskeiler-sv.de\/?page_id=239"},"modified":"2024-03-11T10:38:02","modified_gmt":"2024-03-11T10:38:02","slug":"datenschutz-foto","status":"publish","type":"page","link":"https:\/\/www.hermeskeiler-sv.de\/index.php\/datenschutz-foto\/","title":{"rendered":"Datenschutz Foto"},"content":{"rendered":"\n<p>Datenschutzhinweise hinsichtlich dr Herstellung und  Verwendung von Foto- und \/ oder Videoaufnahmen gem\u00e4\u00df  Art. 13 DSGVO <\/p>\n\n\n\n<ol class=\"wp-block-list\">\n<li><strong>Name und Kontaktdaten des\/der Verantwortlichen: Verantwortlich f\u00fcr die Datenverarbeitung ist:<\/strong>\n<ul class=\"wp-block-list\">\n<li>Hermeskeiler SV<\/li>\n\n\n\n<li>Postfach 1346<\/li>\n\n\n\n<li>54411 Hermeskeil<\/li>\n\n\n\n<li>vertreten durch den <strong><em>Vorstand &#8211; \u00d6ffentlichkeitsarbeit<\/em><\/strong> Herrn Lars Dengler Kontakt: <strong><em>lars.dengler@hermeskeiler-sv.de<\/em><\/strong><\/li>\n<\/ul>\n<\/li>\n\n\n\n<li><strong>Zweck der Verarbeitung:<\/strong><br>Ihre Pers\u00f6nlichkeitsrechte und der Schutz Ihrer Daten sind uns wichtig. Wir weisen Sie deshalb darauf hin, dass bei unseren Veranstaltungen und insb. an Spieltagen Foto- und Filmaufnahmen gemacht werden. Diese k\u00f6nnen im Zusammenhang mit der Berichterstattung \u00fcber die Veranstaltung auf unserer Homepage, auf FuPa, auf unseren Social-Media-Kan\u00e4len sowie in Brosch\u00fcren oder Printprodukten ver\u00f6ffentlicht werden, um \u00fcber diese Veranstaltung \u00f6ffentlichkeitswirksam zu informieren und die Au\u00dfendarstellung zu f\u00f6rdern. Sollten Sie nicht fotografiert werden wollen bzw. mit der Ver\u00f6ffentlichung der angefertigten Fotos nicht einverstanden sein, geben Sie bitte einem unserer Verantwortlichen einen Hinweis. <\/li>\n\n\n\n<li><strong>Rechtsgrundlagen der Verarbeitung:<\/strong><br>Die Verarbeitung von Fotos und Videos (Erhebung, Speicherung sowie die Ver\u00f6ffentlichung) ausgew\u00e4hlter Bilddateien entsprechend der Darstellung unter 4.) erfolgt grunds\u00e4tzlich auf Grundlage von Art. 6 Abs. 1 Buchstabe f) DSGVO. Der Hermeskeiler SV und seine Spielgemeinschaften haben ein berechtigtes Interesse daran, die \u00d6ffentlichkeit \u00fcber die Aktivit\u00e4ten des Vereins zu informieren. Ist im Einzelfall eine Einwilligung erforderlich, erfolgt diese auf Grundlage von Art. 6 Abs. 1 Buchstabe a) DSGVO durch ausdr\u00fcckliche Einwilligung der betroffenen Person oder des\/der Sorgeberechtigten.<\/li>\n\n\n\n<li><strong>Kategorien von Empf\u00e4nger:innen der personenbezogenen Daten:<\/strong><br>Die Fotos und\/oder Videos werden nicht an Dritte weitergeben.<br>Zu Zwecken der \u00d6ffentlichkeitsarbeit werden sie ggf. auf der Homepage, auf FuPa oder den Social Media Kan\u00e4len des Hermeskeiler SV eingestellt oder f\u00fcr Printpublikationen verwendet.<\/li>\n\n\n\n<li><strong>Dauer der Speicherung der personenbezogenen Daten:<\/strong><br>Fotos- und\/oder Videos, welche f\u00fcr die Zwecke der \u00d6ffentlichkeitsarbeit des Hermeskeiler SV gemacht werden, werden so lange gespeichert wie sie f\u00fcr die Berichterstattung ben\u00f6tigt werden, dies umfasst in aller Regel einen Zeitraum von zwei Jahren.<\/li>\n\n\n\n<li><strong>Widerrufsrecht bei Einwilligung:<\/strong><br>Die Einwilligung zur Verarbeitung der Fotos und\/oder Videos kann jederzeit f\u00fcr die Zukunft widerrufen werden. Die Rechtm\u00e4\u00dfigkeit, der aufgrund der Einwilligung bis zum Widerruf erfolgten Datenverarbeitung wird durch diesen nicht ber\u00fchrt.<\/li>\n\n\n\n<li><strong>Betroffenenrechte:<\/strong><br>Nach der Datenschutzgrundverordnung stehen Ihnen insb. folgende Rechte zu:<br>a) Werden ihre personenbezogenen Daten verarbeitet, so haben sie das Recht Auskunft \u00fcber die zu ihrer Person gespeicherten Daten zu erhalten. (Art. 15 DSGVO)<br>b) Sollten unrichtige personenbezogenen Daten verarbeitet werden, steht Ihnen ein Recht auf Berichtigung zu (Art. 16 DSGVO)<br>c) Liegen die gesetzlichen Voraussetzungen vor, so k\u00f6nnen Sie die L\u00f6schung oder Einschr\u00e4nkung der Verarbeitung verlangen sowie Widerspruch gegen die Verarbeitung einlegen (Art. 17, 18, 21 DSGVO) d)Wenn Sie in die Datenverarbeitung eingewilligt haben oder ein Vertrag zur Datenverarbeitung besteht und die Datenverarbeitung mithilfe automatisierter Verfahren durchgef\u00fchrt wird, steht Ihnen gegebenenfalls ein Recht auf Daten\u00fcbertragbarkeit zu. (Art. 20 DSGVO)                                                         Sollten Sie von den genannten Rechten Gebrauch machen, pr\u00fcft der\/die Verantwortliche, ob die gesetzlichen Voraussetzungen hierf\u00fcr vorliegen. Weiterhin besteht ein Beschwerderecht bei der Landesbeauftragten f\u00fcr Datenschutz des Landes Rheinland-Pfalz                                                           <strong>Hinweis:<\/strong> Bei einer Ver\u00f6ffentlichung im Internet k\u00f6nnen die Aufnahmen jederzeit und weltweit abgerufen und gespeichert werden. Die Daten k\u00f6nnen damit etwa auch \u00fcber sogenannte \u201eSuchmaschinen\u201c aufgefunden werden. Dabei kann nicht ausgeschlossen werden, dass andere Personen oder Unternehmen die Daten mit weiteren im Internet verf\u00fcgbaren personenbezogenen Daten verkn\u00fcpfen und damit ein Pers\u00f6nlichkeitsprofil erstellen, die Daten ver\u00e4ndern oder zu anderen Zwecken verwenden.<\/li>\n<\/ol>\n\n\n\n\n\n\n","protected":false},"excerpt":{"rendered":"<p>Datenschutzhinweise hinsichtlich dr Herstellung und Verwendung von Foto- und \/ oder Videoaufnahmen gem\u00e4\u00df Art. 13 DSGVO<\/p>\n","protected":false},"author":1,"featured_media":0,"parent":0,"menu_order":0,"comment_status":"closed","ping_status":"closed","template":"","meta":{"footnotes":""},"class_list":["post-239","page","type-page","status-publish","hentry"],"_links":{"self":[{"href":"https:\/\/www.hermeskeiler-sv.de\/index.php\/wp-json\/wp\/v2\/pages\/239","targetHints":{"allow":["GET"]}}],"collection":[{"href":"https:\/\/www.hermeskeiler-sv.de\/index.php\/wp-json\/wp\/v2\/pages"}],"about":[{"href":"https:\/\/www.hermeskeiler-sv.de\/index.php\/wp-json\/wp\/v2\/types\/page"}],"author":[{"embeddable":true,"href":"https:\/\/www.hermeskeiler-sv.de\/index.php\/wp-json\/wp\/v2\/users\/1"}],"replies":[{"embeddable":true,"href":"https:\/\/www.hermeskeiler-sv.de\/index.php\/wp-json\/wp\/v2\/comments?post=239"}],"version-history":[{"count":5,"href":"https:\/\/www.hermeskeiler-sv.de\/index.php\/wp-json\/wp\/v2\/pages\/239\/revisions"}],"predecessor-version":[{"id":254,"href":"https:\/\/www.hermeskeiler-sv.de\/index.php\/wp-json\/wp\/v2\/pages\/239\/revisions\/254"}],"wp:attachment":[{"href":"https:\/\/www.hermeskeiler-sv.de\/index.php\/wp-json\/wp\/v2\/media?parent=239"}],"curies":[{"name":"wp","href":"https:\/\/api.w.org\/{rel}","templated":true}]}}