{"id":829,"date":"2025-08-18T09:04:44","date_gmt":"2025-08-18T09:04:44","guid":{"rendered":"https:\/\/www.hermeskeiler-sv.de\/?page_id=829"},"modified":"2026-03-30T14:04:05","modified_gmt":"2026-03-30T14:04:05","slug":"platzpatenschaft","status":"publish","type":"page","link":"https:\/\/www.hermeskeiler-sv.de\/index.php\/platzpatenschaft\/","title":{"rendered":"Platzpatenschaft"},"content":{"rendered":"\t\t<div data-elementor-type=\"wp-page\" data-elementor-id=\"829\" class=\"elementor elementor-829\">\n\t\t\t\t\t\t\t\t\t<section class=\"elementor-section elementor-top-section elementor-element elementor-element-e58ea0f elementor-section-boxed elementor-section-height-default elementor-section-height-default\" data-id=\"e58ea0f\" data-element_type=\"section\">\n\t\t\t\t\t\t<div class=\"elementor-container elementor-column-gap-default\">\n\t\t\t\t\t<div class=\"elementor-column elementor-col-100 elementor-top-column elementor-element elementor-element-9d4613a\" data-id=\"9d4613a\" data-element_type=\"column\">\n\t\t\t<div class=\"elementor-widget-wrap elementor-element-populated\">\n\t\t\t\t\t\t\t\t<div class=\"elementor-element elementor-element-c776265 elementor-widget elementor-widget-heading\" data-id=\"c776265\" data-element_type=\"widget\" data-widget_type=\"heading.default\">\n\t\t\t\t<div class=\"elementor-widget-container\">\n\t\t\t<style>\/*! elementor - v3.14.0 - 26-06-2023 *\/\n.elementor-heading-title{padding:0;margin:0;line-height:1}.elementor-widget-heading .elementor-heading-title[class*=elementor-size-]>a{color:inherit;font-size:inherit;line-height:inherit}.elementor-widget-heading .elementor-heading-title.elementor-size-small{font-size:15px}.elementor-widget-heading .elementor-heading-title.elementor-size-medium{font-size:19px}.elementor-widget-heading .elementor-heading-title.elementor-size-large{font-size:29px}.elementor-widget-heading .elementor-heading-title.elementor-size-xl{font-size:39px}.elementor-widget-heading .elementor-heading-title.elementor-size-xxl{font-size:59px}<\/style><h2 class=\"elementor-heading-title elementor-size-default\"><a href=\"https:\/\/www.hermeskeiler-sv.de\/index.php\/platzpatenschaft\/\"><b><u>Werde Platzpate beim Hermeskeiler SV<\/u><\/b><br><br><i>Sie hatten schon immer den Traum vom eigenen St\u00fcck Rasen auf dem\nSportplatz?\nMit einer Platzpatenschaft k\u00f6nnen Sie nun die symbolische Pacht \u00fcber\nein St\u00fcck Rasenfl\u00e4che \u00fcbernehmen.\nUnterst\u00fctzen Sie so mit ihrem Beitrag den Hermeskeiler Sportverein\nund den Erhalt des Waldstadions.<\/i><br><br><br>Was f\u00f6rdert die Patenschaft ?  <br><br>Die Erl\u00f6se aus den Platzpatenschaften kommen in erster Linie der Pflege und Instandhaltung des Rasenplatzes im Waldstadion des Hermeskeiler SV zugute.<br><br>\nWas hat der Pate davon ?<br><br>Alle Paten werden namentlich auf der \u201ePlatzpatenschafts Ehrentafel\u201c\n und auf der Website des Hermeskeiler SV genannt und \u00f6ffentlich pr\u00e4sentiert. Bei jedem Heimspiel kann der Pate mit \u201eseinem\u201c St\u00fcck Sportplatz prahlen.<br><br>Werde auch ein Unterst\u00fctzer und verewige\ndich auf unserem Virtuellen Platz als Pate. Wir w\u00fcrden uns sehr \u00fcber eure\nUnterst\u00fctzung freuen<br><br><b><u>Die Preise berechnen sich wie folgt:<\/u><br><br><br>Einzelfeld = \u00e1 35,00 Euro (Mehrfach Belegung kein Problem, dadurch sind gr\u00f6\u00dfere Logos m\u00f6glich)<\/b><br><br><br><b><u>Bankverbindung:<\/u><br><br>Volksbank Trier-Eifel eG<br>IBAN: DE50 5866 0101 0103 9630 72<br>BIC: GENODED1BIT<br>Verwendungszweck: Name\/Firma + Anzahl Felder<\/b><br><br><br><i>(ab 200 Euro wird eine Spendenquittung ausgestellt. Unter 200 Euro gilt der Einzahlungsbeleg als Nachweis)<\/i><br><br>\nHermeskeiler Sportverein 1921 e.V.<br>\nAnsprechpartner: Tobias Gosert oder Dirk Faber<br><br>\n<u>E-Mail:<\/u><br><br>\ntobias.gosert@hermeskeiler-sv.de<br>\ndirk.faber@hermeskeiler-sv.de<br><br><br>\n\n<\/a><\/h2>\t\t<\/div>\n\t\t\t\t<\/div>\n\t\t\t\t<div class=\"elementor-element elementor-element-36adf45 elementor-widget elementor-widget-image\" data-id=\"36adf45\" data-element_type=\"widget\" data-widget_type=\"image.default\">\n\t\t\t\t<div class=\"elementor-widget-container\">\n\t\t\t<style>\/*! elementor - v3.14.0 - 26-06-2023 *\/\n.elementor-widget-image{text-align:center}.elementor-widget-image a{display:inline-block}.elementor-widget-image a img[src$=\".svg\"]{width:48px}.elementor-widget-image img{vertical-align:middle;display:inline-block}<\/style>\t\t\t\t\t\t\t\t\t\t\t\t<img loading=\"lazy\" decoding=\"async\" width=\"950\" height=\"493\" src=\"https:\/\/www.hermeskeiler-sv.de\/wp-content\/uploads\/2026\/03\/Tafel-Sponsoren-HSV-1024x531.jpg\" class=\"attachment-large size-large wp-image-1073\" alt=\"\" srcset=\"https:\/\/www.hermeskeiler-sv.de\/wp-content\/uploads\/2026\/03\/Tafel-Sponsoren-HSV-1024x531.jpg 1024w, https:\/\/www.hermeskeiler-sv.de\/wp-content\/uploads\/2026\/03\/Tafel-Sponsoren-HSV-300x155.jpg 300w, https:\/\/www.hermeskeiler-sv.de\/wp-content\/uploads\/2026\/03\/Tafel-Sponsoren-HSV-768x398.jpg 768w, https:\/\/www.hermeskeiler-sv.de\/wp-content\/uploads\/2026\/03\/Tafel-Sponsoren-HSV-1536x796.jpg 1536w, https:\/\/www.hermeskeiler-sv.de\/wp-content\/uploads\/2026\/03\/Tafel-Sponsoren-HSV.jpg 1571w\" sizes=\"auto, 100vw\" \/>\t\t\t\t\t\t\t\t\t\t\t\t\t\t\t<\/div>\n\t\t\t\t<\/div>\n\t\t\t\t<div class=\"elementor-element elementor-element-e16e690 elementor-widget elementor-widget-image\" data-id=\"e16e690\" data-element_type=\"widget\" data-widget_type=\"image.default\">\n\t\t\t\t<div class=\"elementor-widget-container\">\n\t\t\t\t\t\t\t\t\t\t\t\t\t\t\t<img decoding=\"async\" src=\"https:\/\/www.hermeskeiler-sv.de\/wp-content\/uploads\/elementor\/thumbs\/Flyer-Platzpatenschaft-rb9f18xt0298eefggw7cc91ly6wiqp118ejvncg27o.png\" title=\"Flyer Platzpatenschaft\" alt=\"Flyer Platzpatenschaft\" loading=\"lazy\" \/>\t\t\t\t\t\t\t\t\t\t\t\t\t\t\t<\/div>\n\t\t\t\t<\/div>\n\t\t\t\t\t<\/div>\n\t\t<\/div>\n\t\t\t\t\t\t\t<\/div>\n\t\t<\/section>\n\t\t\t\t<section class=\"elementor-section elementor-top-section elementor-element elementor-element-81cea96 elementor-section-boxed elementor-section-height-default elementor-section-height-default\" data-id=\"81cea96\" data-element_type=\"section\">\n\t\t\t\t\t\t<div class=\"elementor-container elementor-column-gap-default\">\n\t\t\t\t\t<div class=\"elementor-column elementor-col-100 elementor-top-column elementor-element elementor-element-1db4a40\" data-id=\"1db4a40\" data-element_type=\"column\">\n\t\t\t<div class=\"elementor-widget-wrap\">\n\t\t\t\t\t\t\t\t\t<\/div>\n\t\t<\/div>\n\t\t\t\t\t\t\t<\/div>\n\t\t<\/section>\n\t\t\t\t\t\t\t<\/div>\n\t\t","protected":false},"excerpt":{"rendered":"<p>Werde Platzpate beim Hermeskeiler SV Sie hatten schon immer den Traum vom eigenen St\u00fcck Rasen auf dem Sportplatz? Mit einer Platzpatenschaft k\u00f6nnen Sie nun die symbolische Pacht \u00fcber ein St\u00fcck Rasenfl\u00e4che \u00fcbernehmen. Unterst\u00fctzen Sie so mit ihrem Beitrag den Hermeskeiler Sportverein und den Erhalt des Waldstadions. Was f\u00f6rdert die Patenschaft ? Die Erl\u00f6se aus den &hellip; <\/p>\n<p class=\"link-more\"><a href=\"https:\/\/www.hermeskeiler-sv.de\/index.php\/platzpatenschaft\/\" class=\"more-link\">Mehr <span class=\"screen-reader-text\">\u00fcber &#8222;Platzpatenschaft&#8220; <\/span>Lesen<\/a><\/p>\n","protected":false},"author":5,"featured_media":0,"parent":0,"menu_order":0,"comment_status":"closed","ping_status":"closed","template":"","meta":{"footnotes":""},"class_list":["post-829","page","type-page","status-publish","hentry"],"_links":{"self":[{"href":"https:\/\/www.hermeskeiler-sv.de\/index.php\/wp-json\/wp\/v2\/pages\/829","targetHints":{"allow":["GET"]}}],"collection":[{"href":"https:\/\/www.hermeskeiler-sv.de\/index.php\/wp-json\/wp\/v2\/pages"}],"about":[{"href":"https:\/\/www.hermeskeiler-sv.de\/index.php\/wp-json\/wp\/v2\/types\/page"}],"author":[{"embeddable":true,"href":"https:\/\/www.hermeskeiler-sv.de\/index.php\/wp-json\/wp\/v2\/users\/5"}],"replies":[{"embeddable":true,"href":"https:\/\/www.hermeskeiler-sv.de\/index.php\/wp-json\/wp\/v2\/comments?post=829"}],"version-history":[{"count":88,"href":"https:\/\/www.hermeskeiler-sv.de\/index.php\/wp-json\/wp\/v2\/pages\/829\/revisions"}],"predecessor-version":[{"id":1077,"href":"https:\/\/www.hermeskeiler-sv.de\/index.php\/wp-json\/wp\/v2\/pages\/829\/revisions\/1077"}],"wp:attachment":[{"href":"https:\/\/www.hermeskeiler-sv.de\/index.php\/wp-json\/wp\/v2\/media?parent=829"}],"curies":[{"name":"wp","href":"https:\/\/api.w.org\/{rel}","templated":true}]}}