{"id":90,"date":"2023-09-29T08:00:28","date_gmt":"2023-09-29T08:00:28","guid":{"rendered":"https:\/\/www.hermeskeiler-sv.de\/?page_id=90"},"modified":"2023-11-14T07:53:22","modified_gmt":"2023-11-14T07:53:22","slug":"mitglied-werden-2","status":"publish","type":"page","link":"https:\/\/www.hermeskeiler-sv.de\/index.php\/mitglied-werden-2\/","title":{"rendered":"Mitglied werden"},"content":{"rendered":"\n<p>Wir freuen uns, dass du Mitglied bei uns werden m\u00f6chtest!<\/p>\n\n\n\n<p><\/p>\n\n\n\n<p>Hier findest du die Beitrittserkl\u00e4rung. Diese kannst du ausgef\u00fcllt bei uns abgeben oder per Mail an lars.dengler@hermeskeiler-sv.de schicken.<\/p>\n\n\n\n<div data-wp-interactive=\"core\/file\" class=\"wp-block-file\"><object data-wp-bind--hidden=\"!state.hasPdfPreview\" hidden class=\"wp-block-file__embed\" data=\"https:\/\/www.hermeskeiler-sv.de\/wp-content\/uploads\/2023\/11\/Beitrittsformular-HSV-1.pdf\" type=\"application\/pdf\" style=\"width:100%;height:600px\" aria-label=\"Einbettung von Beitrittsformular HSV (1).\"><\/object><a id=\"wp-block-file--media-d5b59008-7649-49d4-8767-f28ef97a9770\" href=\"https:\/\/www.hermeskeiler-sv.de\/wp-content\/uploads\/2023\/11\/Beitrittsformular-HSV-1.pdf\">Beitrittsformular HSV (1)<\/a><a href=\"https:\/\/www.hermeskeiler-sv.de\/wp-content\/uploads\/2023\/11\/Beitrittsformular-HSV-1.pdf\" class=\"wp-block-file__button wp-element-button\" download aria-describedby=\"wp-block-file--media-d5b59008-7649-49d4-8767-f28ef97a9770\">Herunterladen<\/a><\/div>\n\n\n\n<p><\/p>\n","protected":false},"excerpt":{"rendered":"<p>Wir freuen uns, dass du Mitglied bei uns werden m\u00f6chtest! Hier findest du die Beitrittserkl\u00e4rung. Diese kannst du ausgef\u00fcllt bei uns abgeben oder per Mail an lars.dengler@hermeskeiler-sv.de schicken.<\/p>\n","protected":false},"author":1,"featured_media":0,"parent":0,"menu_order":0,"comment_status":"closed","ping_status":"closed","template":"","meta":{"footnotes":""},"class_list":["post-90","page","type-page","status-publish","hentry"],"_links":{"self":[{"href":"https:\/\/www.hermeskeiler-sv.de\/index.php\/wp-json\/wp\/v2\/pages\/90","targetHints":{"allow":["GET"]}}],"collection":[{"href":"https:\/\/www.hermeskeiler-sv.de\/index.php\/wp-json\/wp\/v2\/pages"}],"about":[{"href":"https:\/\/www.hermeskeiler-sv.de\/index.php\/wp-json\/wp\/v2\/types\/page"}],"author":[{"embeddable":true,"href":"https:\/\/www.hermeskeiler-sv.de\/index.php\/wp-json\/wp\/v2\/users\/1"}],"replies":[{"embeddable":true,"href":"https:\/\/www.hermeskeiler-sv.de\/index.php\/wp-json\/wp\/v2\/comments?post=90"}],"version-history":[{"count":7,"href":"https:\/\/www.hermeskeiler-sv.de\/index.php\/wp-json\/wp\/v2\/pages\/90\/revisions"}],"predecessor-version":[{"id":475,"href":"https:\/\/www.hermeskeiler-sv.de\/index.php\/wp-json\/wp\/v2\/pages\/90\/revisions\/475"}],"wp:attachment":[{"href":"https:\/\/www.hermeskeiler-sv.de\/index.php\/wp-json\/wp\/v2\/media?parent=90"}],"curies":[{"name":"wp","href":"https:\/\/api.w.org\/{rel}","templated":true}]}}